{"id":2682,"date":"2024-11-04T09:07:27","date_gmt":"2024-11-04T08:07:27","guid":{"rendered":"https:\/\/hsv-bezirk3.de\/wp\/?page_id=2682"},"modified":"2025-08-12T20:23:16","modified_gmt":"2025-08-12T18:23:16","slug":"sk-marburg","status":"publish","type":"page","link":"https:\/\/hsv-bezirk3.de\/wp\/sk-marburg\/","title":{"rendered":"SK Marburg"},"content":{"rendered":"<p style=\"text-align: center;\"><img loading=\"lazy\" decoding=\"async\" class=\"alignnone wp-image-2685\" src=\"https:\/\/hsv-bezirk3.de\/wp\/wp-content\/uploads\/2024\/11\/Logo512-300x300.png\" alt=\"\" width=\"241\" height=\"241\" srcset=\"https:\/\/hsv-bezirk3.de\/wp\/wp-content\/uploads\/2024\/11\/Logo512-300x300.png 300w, https:\/\/hsv-bezirk3.de\/wp\/wp-content\/uploads\/2024\/11\/Logo512-150x150.png 150w, https:\/\/hsv-bezirk3.de\/wp\/wp-content\/uploads\/2024\/11\/Logo512.png 512w\" sizes=\"auto, (max-width: 241px) 100vw, 241px\" \/><\/p>\n<p style=\"text-align: center;\">Vereinsnummer 53007<\/p>\n<table style=\"width: 100%; border-collapse: collapse; background-color: #d46868;\" border=\"2\" cellpadding=\"2\">\n<tbody>\n<tr>\n<td style=\"width: 22.9399%;\"><span style=\"color: #ffffff;\"><strong><span style=\"font-size: 18pt;\">Spieltermine<\/span><\/strong><\/span><\/td>\n<td style=\"width: 77.0601%; background-color: #ddf0e2;\">&nbsp;<\/p>\n<p>Regelm\u00e4\u00dfige Termine sind:<\/p>\n<ul>\n<li>Freitags ab 16.00 Uhr Jugendtraining (in Gruppen) (2)<\/li>\n<li>Samstags ab 10:10 Uhr M\u00e4dchengruppe (1)<\/li>\n<li>Talentetraining Mittwochs und Samstags (3)<\/li>\n<li>Donnerstags ab 19.30 Uhr Training Erwachsene (4)<\/li>\n<li>Freitags ab 19.30 Uhr Spielabend Erwachsene (1)<\/li>\n<\/ul>\n<p>Orte f\u00fcr die Termine:<\/p>\n<ul>\n<li>(1) S\u00fcdststadttreff im alten Schwanhof, Schwanallee 27-31, 35037 Marburg<\/li>\n<li>(2) Hans-Ahmed Saal im islamischen Gemeindezentrum, Bei St. Jost 17, 35039 Marburg<\/li>\n<li>(3) Schulungsraum 2, Georg Gassmann Stadion, Leopold-Lucas-Stra\u00dfe 46B, 35037 Marburg<\/li>\n<li>(4) Nachbarschaftszentrum Waldtal, Waidmannsweg 11, 35039 Marburg<br \/>\nsowie Online<\/li>\n<\/ul>\n<\/td>\n<\/tr>\n<tr>\n<td style=\"width: 22.9399%;\"><span style=\"color: #ffffff;\"><strong><span style=\"font-size: 18pt;\">Informationen<\/span><\/strong><\/span><\/td>\n<td style=\"width: 77.0601%; background-color: #ddf0e2;\">&nbsp;<\/p>\n<p>Mail: <a href=\"mailto:info@sk-marburg.de\">info@sk-marburg.de<\/a><\/p>\n<p>Website: <a href=\"https:\/\/sk-marburg.de\">https:\/\/sk-marburg.de<\/a><\/p>\n<p>Facebook: <a href=\"https:\/\/www.facebook.com\/SchachklubMarburg\">https:\/\/www.facebook.com\/SchachklubMarburg<\/a><\/td>\n<\/tr>\n<tr>\n<td style=\"width: 22.9399%;\"><span style=\"color: #ffffff;\"><strong><span style=\"font-size: 18pt;\">Kontakt<\/span><\/strong><\/span><\/td>\n<td style=\"width: 77.0601%; background-color: #ddf0e2;\">&nbsp;<\/p>\n<p>Thomas Henrich (1. Vorsitzender), Rennweg 4, 35091 C\u00f6lbe (Tel. 01578\/7007368)<br \/>\n<a href=\"mailto:Vorsitzender@schachklub-marburg.de\">Vorsitzender@schachklub-marburg.de<\/a><\/td>\n<\/tr>\n<tr>\n<td style=\"width: 22.9399%;\"><span style=\"color: #ffffff;\"><strong><span style=\"font-size: 18pt;\">Mannschaften<\/span><\/strong><\/span><\/td>\n<td style=\"width: 77.0601%; background-color: #ddf0e2; height: 58px;\">\n<div>Hauptspiellokal:<br \/>\nB\u00fcrgerhaus Wehrda, Freiherr-vom-Stein-Str. 1, 35041 Marburg &#8211; Wehrda<\/div>\n<div>&#8212;&#8212;&#8212;&#8212;&#8212;&#8212;&#8212;&#8212;&#8212;&#8212;&#8212;<\/div>\n<p>SK Marburg I\u00a0\u00a0\u00a0 \u00a0\u00a0\u00a0 :\u00a0 <a href=\"https:\/\/hsv-schach.liga.nu\/cgi-bin\/WebObjects\/nuLigaSCHACHDE.woa\/wa\/groupPage? championship=Hessen+24%2F25&amp;group=688\">Hessenliga<\/a><\/p>\n<p>SK Marburg II\u00a0\u00a0\u00a0\u00a0\u00a0 :\u00a0 <a href=\"https:\/\/hsv-schach.liga.nu\/cgi-bin\/WebObjects\/nuLigaSCHACHDE.woa\/wa\/groupPage?championship=Hessen+24%2F25&amp;group=685\">Landesklasse West<\/a><\/p>\n<p>SK Marburg III\u00a0\u00a0\u00a0 :\u00a0 <a href=\"https:\/\/hsv-schach.liga.nu\/cgi-bin\/WebObjects\/nuLigaSCHACHDE.woa\/wa\/groupPage?championship=Lahn-Eder+24%2F25&amp;group=1702\">Bezirksoberliga<\/a><\/p>\n<p>SK Marburg IV\u00a0\u00a0\u00a0 :\u00a0 <a href=\"https:\/\/hsv-schach.liga.nu\/cgi-bin\/WebObjects\/nuLigaSCHACHDE.woa\/wa\/groupPage?championship=Lahn-Eder+24%2F25&amp;group=1702\">Bezirksoberliga<\/a><\/p>\n<p>SK Marburg V\u00a0\u00a0\u00a0\u00a0 : \u00a0<a href=\"https:\/\/hsv-schach.liga.nu\/cgi-bin\/WebObjects\/nuLigaSCHACHDE.woa\/wa\/groupPage?championship=Lahn-Eder+24%2F25&amp;group=1702\">Bezirksoberliga<\/a><\/p>\n<p>SK Marburg VI\u00a0\u00a0\u00a0 : \u00a0<a href=\"https:\/\/hsv-schach.liga.nu\/cgi-bin\/WebObjects\/nuLigaSCHACHDE.woa\/wa\/groupPage?championship=Lahn-Eder+24%2F25&amp;group=2803\">Kreisliga<\/a><\/p>\n<p>SK Marburg VII\u00a0\u00a0 : \u00a0<a href=\"https:\/\/hsv-schach.liga.nu\/cgi-bin\/WebObjects\/nuLigaSCHACHDE.woa\/wa\/groupPage?championship=Lahn-Eder+24%2F25&amp;group=2803\">Kreisliga<\/a><\/p>\n<p>SK Marburg VIII : <a href=\"https:\/\/hsv-schach.liga.nu\/cgi-bin\/WebObjects\/nuLigaSCHACHDE.woa\/wa\/groupPage?championship=Lahn-Eder+24%2F25&amp;group=2802\">Kreisklasse<\/a><\/p>\n<p>SK Marburg IX\u00a0\u00a0\u00a0 : <a href=\"https:\/\/hsv-schach.liga.nu\/cgi-bin\/WebObjects\/nuLigaSCHACHDE.woa\/wa\/groupPage?championship=Lahn-Eder+24%2F25&amp;group=2802\">Kreisklasse<\/a><\/p>\n<p>Frauenteam\u00a0\u00a0\u00a0\u00a0\u00a0\u00a0\u00a0\u00a0 : (ab Dezember&#8230;)<\/td>\n<\/tr>\n<tr>\n<td style=\"width: 22.9399%;\"><span style=\"color: #ffffff;\"><strong><span style=\"font-size: 18pt;\">DWZ-Liste<\/span><\/strong><\/span><\/td>\n<td style=\"width: 77.0601%; background-color: #ddf0e2; height: 58px;\">&nbsp;<\/p>\n<p>Deutscher Schachbund: <a href=\"https:\/\/www.schachbund.de\/verein\/53007.html\">SK Marburg<\/a><\/td>\n<\/tr>\n<\/tbody>\n<\/table>\n","protected":false},"excerpt":{"rendered":"<p>Vereinsnummer 53007 Spieltermine &nbsp; Regelm\u00e4\u00dfige Termine sind: Freitags ab 16.00 Uhr Jugendtraining (in Gruppen) (2) Samstags ab 10:10 Uhr M\u00e4dchengruppe (1) Talentetraining Mittwochs und Samstags (3) Donnerstags ab 19.30 Uhr &hellip; <\/p>\n","protected":false},"author":2,"featured_media":0,"parent":0,"menu_order":0,"comment_status":"closed","ping_status":"closed","template":"","meta":{"iawp_total_views":14,"footnotes":""},"class_list":["post-2682","page","type-page","status-publish","hentry"],"_links":{"self":[{"href":"https:\/\/hsv-bezirk3.de\/wp\/wp-json\/wp\/v2\/pages\/2682","targetHints":{"allow":["GET"]}}],"collection":[{"href":"https:\/\/hsv-bezirk3.de\/wp\/wp-json\/wp\/v2\/pages"}],"about":[{"href":"https:\/\/hsv-bezirk3.de\/wp\/wp-json\/wp\/v2\/types\/page"}],"author":[{"embeddable":true,"href":"https:\/\/hsv-bezirk3.de\/wp\/wp-json\/wp\/v2\/users\/2"}],"replies":[{"embeddable":true,"href":"https:\/\/hsv-bezirk3.de\/wp\/wp-json\/wp\/v2\/comments?post=2682"}],"version-history":[{"count":15,"href":"https:\/\/hsv-bezirk3.de\/wp\/wp-json\/wp\/v2\/pages\/2682\/revisions"}],"predecessor-version":[{"id":3061,"href":"https:\/\/hsv-bezirk3.de\/wp\/wp-json\/wp\/v2\/pages\/2682\/revisions\/3061"}],"wp:attachment":[{"href":"https:\/\/hsv-bezirk3.de\/wp\/wp-json\/wp\/v2\/media?parent=2682"}],"curies":[{"name":"wp","href":"https:\/\/api.w.org\/{rel}","templated":true}]}}