{"id":48,"date":"2019-03-12T02:59:18","date_gmt":"2019-03-12T02:59:18","guid":{"rendered":"http:\/\/hsv-bezirk3.de\/wp\/dokumente\/"},"modified":"2024-07-04T10:01:19","modified_gmt":"2024-07-04T10:01:19","slug":"dokumente","status":"publish","type":"page","link":"https:\/\/hsv-bezirk3.de\/wpold\/dokumente","title":{"rendered":"Dokumente"},"content":{"rendered":"<p><a href=\"https:\/\/hsv-bezirk3.de\/wp\/wp-content\/uploads\/2006\/09\/satzung.doc\">Satzung als Word-Datei<\/a><code><\/code><\/p>\n<div align=\"center\">\n<h2>Dokumente<\/h2>\n<\/div>\n<p>Hier finden Sie neben den aktuellen Fassungen von Turnierordnung und Satzung auch andere wichtige und aktuelle Dokumente zum Geschehen im Bezirk 3.<\/p>\n<p><strong>Turnierordnung:<\/strong> (Letzte \u00c3nderung: 2017)<br \/>\n<a href=\"https:\/\/hsv-bezirk3.de\/wp\/wp-content\/uploads\/2006\/09\/2017_02_26_turnierordnung.pdf\" rel=\"\">Turnierordnung als PDF<\/a><\/p>\n<p><strong>Satzung:<\/strong> (Letzte \u00c3nderung: JHV 2017)<br \/>\n<a href=\"https:\/\/hsv-bezirk3.de\/wp\/wp-content\/uploads\/2019\/04\/Satzung2017-5.pdf\" rel=\"\">Satzung als PDF-Datei<\/a><\/p>\n<p><strong>Gesch\u00e4ftsordnung:<\/strong> (Letzte \u00c3nderung: 28.09.2015)<br \/>\n<a href='https:\/\/hsv-bezirk3.de\/wp\/wp-content\/uploads\/2015\/09\/go-bez-iii-1.doc' title='Gesch\u00e4ftsordnung als Word-Datei'>Gesch\u00e4ftsordnung als Word-Datei<\/a><br \/>\n<a href='https:\/\/hsv-bezirk3.de\/wp\/wp-content\/uploads\/2015\/09\/go-bez-iii-1.pdf' title='Gesch\u00e4ftsordnung als PDF-Datei'>Gesch\u00e4ftsordnung als PDF-Datei<\/a><\/p>\n<p><strong>Aktualisierung Ihrer Vereinsinformationen<\/strong> in den Datenbanken von Bezirk und Landesverband:<br \/>\n<a id=\"p47\" href=\"https:\/\/hsv-bezirk3.de\/wp\/wp-content\/uploads\/2006\/09\/vereinsdaten.doc\">Vereinsdaten-Leerformular<\/a><br \/>\n\u00dcbersenden Sie das ausgef\u00fcllte Formular bitte per E-Mail an folgenden Adressen:<br \/>\nspielerpass@hessischer-schachverband.de (Verbandsspielerpassstelle)<br \/>\nschriftfuehrer@hsv-bezirk3.de (Bezirksschriftf\u00fchrer)<br \/>\nwebmaster@hsv-bezirk3.de (Bezirkswebmaster)<\/p>\n","protected":false},"excerpt":{"rendered":"<p>Satzung als Word-Datei Dokumente Hier finden Sie neben den aktuellen Fassungen von Turnierordnung und Satzung auch andere wichtige und aktuelle Dokumente zum Geschehen im Bezirk 3. Turnierordnung: (Letzte \u00c3nderung: 2017) Turnierordnung als PDF Satzung: (Letzte \u00c3nderung: JHV 2017) Satzung als PDF-Datei Gesch\u00e4ftsordnung: (Letzte \u00c3nderung: 28.09.2015) Gesch\u00e4ftsordnung als Word-Datei Gesch\u00e4ftsordnung als PDF-Datei Aktualisierung Ihrer Vereinsinformationen in [&hellip;]<\/p>\n","protected":false},"author":1,"featured_media":0,"parent":0,"menu_order":0,"comment_status":"closed","ping_status":"closed","template":"","meta":{"footnotes":""},"class_list":["post-48","page","type-page","status-publish","hentry"],"_links":{"self":[{"href":"https:\/\/hsv-bezirk3.de\/wpold\/wp-json\/wp\/v2\/pages\/48"}],"collection":[{"href":"https:\/\/hsv-bezirk3.de\/wpold\/wp-json\/wp\/v2\/pages"}],"about":[{"href":"https:\/\/hsv-bezirk3.de\/wpold\/wp-json\/wp\/v2\/types\/page"}],"author":[{"embeddable":true,"href":"https:\/\/hsv-bezirk3.de\/wpold\/wp-json\/wp\/v2\/users\/1"}],"replies":[{"embeddable":true,"href":"https:\/\/hsv-bezirk3.de\/wpold\/wp-json\/wp\/v2\/comments?post=48"}],"version-history":[{"count":10,"href":"https:\/\/hsv-bezirk3.de\/wpold\/wp-json\/wp\/v2\/pages\/48\/revisions"}],"predecessor-version":[{"id":2096,"href":"https:\/\/hsv-bezirk3.de\/wpold\/wp-json\/wp\/v2\/pages\/48\/revisions\/2096"}],"wp:attachment":[{"href":"https:\/\/hsv-bezirk3.de\/wpold\/wp-json\/wp\/v2\/media?parent=48"}],"curies":[{"name":"wp","href":"https:\/\/api.w.org\/{rel}","templated":true}]}}